{"id":271,"date":"2019-07-18T15:45:56","date_gmt":"2019-07-18T19:45:56","guid":{"rendered":"https:\/\/exitevasion.com\/nos-evenements\/"},"modified":"2019-09-03T08:10:48","modified_gmt":"2019-09-03T12:10:48","slug":"our-news","status":"publish","type":"page","link":"https:\/\/exitevasion.com\/en\/our-news\/","title":{"rendered":"Our News"},"content":{"rendered":"\t\t<div data-elementor-type=\"wp-post\" data-elementor-id=\"271\" data-post-id=\"639\" data-obj-id=\"639\" class=\"elementor elementor-271 dce-elementor-post-639 elementor-136\" data-elementor-settings=\"[]\">\n\t\t\t\t\t\t<div class=\"elementor-inner\">\n\t\t\t\t\t\t\t<div class=\"elementor-section-wrap\">\n\t\t\t\t\t\t\t<section class=\"elementor-section elementor-top-section elementor-element elementor-element-526d02e1 elementor-section-boxed elementor-section-height-default elementor-section-height-default\" data-id=\"526d02e1\" data-element_type=\"section\" data-settings=\"\">\n\t\t\t\t\t\t\t<div class=\"elementor-background-overlay\"><\/div>\n\t\t\t\t\t\t\t<div class=\"elementor-container elementor-column-gap-default\">\n\t\t\t\t\t\t\t<div class=\"elementor-row\">\n\t\t\t\t\t<div class=\"elementor-column elementor-col-33 elementor-top-column elementor-element elementor-element-6574d3aa\" data-id=\"6574d3aa\" data-element_type=\"column\">\n\t\t\t<div class=\"elementor-column-wrap\">\n\t\t\t\t\t\t\t<div class=\"elementor-widget-wrap\">\n\t\t\t\t\t\t\t\t<\/div>\n\t\t\t\t\t<\/div>\n\t\t<\/div>\n\t\t\t\t<div class=\"elementor-column elementor-col-33 elementor-top-column elementor-element elementor-element-79d8be3c\" data-id=\"79d8be3c\" data-element_type=\"column\">\n\t\t\t<div class=\"elementor-column-wrap elementor-element-populated\">\n\t\t\t\t\t\t\t<div class=\"elementor-widget-wrap\">\n\t\t\t\t\t\t<div class=\"elementor-element elementor-element-1bcb8be8 elementor-widget elementor-widget-heading\" data-id=\"1bcb8be8\" data-element_type=\"widget\" data-widget_type=\"heading.default\">\n\t\t\t\t<div class=\"elementor-widget-container\">\n\t\t\t<h1 class=\"elementor-heading-title elementor-size-default\">Our news<\/h1>\t\t<\/div>\n\t\t\t\t<\/div>\n\t\t\t\t<div class=\"elementor-element elementor-element-509f8ecb elementor-align-center elementor-widget__width-auto elementor-hidden-phone elementor-widget elementor-widget-button\" data-id=\"509f8ecb\" data-element_type=\"widget\" data-widget_type=\"button.default\">\n\t\t\t\t<div class=\"elementor-widget-container\">\n\t\t\t\t\t<div class=\"elementor-button-wrapper\">\n\t\t\t<a href=\"\/en\/reserve\/\" class=\"elementor-button-link elementor-button elementor-size-sm\" role=\"button\">\n\t\t\t\t\t\t<span class=\"elementor-button-content-wrapper\">\n\t\t\t\t\t\t<span class=\"elementor-button-icon elementor-align-icon-left\">\n\t\t\t\t<i aria-hidden=\"true\" class=\"fas fa-plus\"><\/i>\t\t\t<\/span>\n\t\t\t\t\t\t<span class=\"elementor-button-text\">Reserve<\/span>\n\t\t<\/span>\n\t\t\t\t\t<\/a>\n\t\t<\/div>\n\t\t\t\t<\/div>\n\t\t\t\t<\/div>\n\t\t\t\t\t\t<\/div>\n\t\t\t\t\t<\/div>\n\t\t<\/div>\n\t\t\t\t<div class=\"elementor-column elementor-col-33 elementor-top-column elementor-element elementor-element-334e9b6\" data-id=\"334e9b6\" data-element_type=\"column\">\n\t\t\t<div class=\"elementor-column-wrap\">\n\t\t\t\t\t\t\t<div class=\"elementor-widget-wrap\">\n\t\t\t\t\t\t\t\t<\/div>\n\t\t\t\t\t<\/div>\n\t\t<\/div>\n\t\t\t\t\t\t\t\t<\/div>\n\t\t\t\t\t<\/div>\n\t\t<\/section>\n\t\t\t\t<section class=\"elementor-section elementor-top-section elementor-element elementor-element-750850c5 elementor-section-full_width elementor-section-height-default elementor-section-height-default\" data-id=\"750850c5\" data-element_type=\"section\" data-settings=\"\">\n\t\t\t\t\t\t<div class=\"elementor-container elementor-column-gap-no\">\n\t\t\t\t\t\t\t<div class=\"elementor-row\">\n\t\t\t\t\t<div class=\"elementor-column elementor-col-100 elementor-top-column elementor-element elementor-element-551d544c\" data-id=\"551d544c\" data-element_type=\"column\">\n\t\t\t<div class=\"elementor-column-wrap elementor-element-populated\">\n\t\t\t\t\t\t\t<div class=\"elementor-widget-wrap\">\n\t\t\t\t\t\t<div class=\"elementor-element elementor-element-d57092b elementor-widget elementor-widget-heading\" data-id=\"d57092b\" data-element_type=\"widget\" data-widget_type=\"heading.default\">\n\t\t\t\t<div class=\"elementor-widget-container\">\n\t\t\t<h4 class=\"elementor-heading-title elementor-size-default\">Exit Evasion adventure <\/h4>\t\t<\/div>\n\t\t\t\t<\/div>\n\t\t\t\t<div class=\"elementor-element elementor-element-289bf536 elementor-widget elementor-widget-heading\" data-id=\"289bf536\" data-element_type=\"widget\" data-widget_type=\"heading.default\">\n\t\t\t\t<div class=\"elementor-widget-container\">\n\t\t\t<h2 class=\"elementor-heading-title elementor-size-default\">Follow Us<\/h2>\t\t<\/div>\n\t\t\t\t<\/div>\n\t\t\t\t<div class=\"elementor-element elementor-element-178ffd4e uael-post__link-complete-yes uael-equal__height-yes elementor-widget elementor-widget-uael-posts\" data-id=\"178ffd4e\" data-element_type=\"widget\" data-widget_type=\"uael-posts.event\">\n\t\t\t\t<div class=\"elementor-widget-container\">\n\t\t\t\t\t<div class=\"uael-post__header\">\n\t\t\t\t\t<\/div>\n\t\t<div class=\"uael-post__body\">\n\t\t\t\n\t\t\n\t\t<div class=\"uael-post-grid uael-posts\" data-query-type=\"custom\" data-structure=\"normal\" data-layout=\"\" data-page=\"271\" data-skin=\"event\" data-filter-default=\"\" >\n\n\t\t\t\t\t\t\t<div class=\"uael-post-grid__inner uael-post__columns-3 uael-post__columns-tablet-2 uael-post__columns-mobile-1\">\n\t\t\t\n\n<div class=\"uael-post-wrapper   uncategorized \">\n\n\t<div class=\"uael-post__bg-wrap\">\n\n\t\t\t\t\t<a href=\"https:\/\/exitevasion.com\/en\/job-offer\/\" target=\"_self\" class=\"uael-post__complete-box-overlay\"><\/a>\n\t\t\t\t\n\t\t<div class=\"uael-post__inner-wrap\">\n\n\t\t\t\t<div class=\"uael-post__thumbnail\">\n\t\t\t<a target=\"_self\" href=\"https:\/\/exitevasion.com\/en\/job-offer\/\" title=\"JOB OFFER\"><img width=\"1200\" height=\"800\" src=\"https:\/\/exitevasion.com\/wp-content\/uploads\/2019\/09\/SUPER_JOB_EXIT_EVASION_2.jpg\" class=\"attachment-full size-full\" alt=\"SUPER_JOB_EXIT_EVASION_2\" loading=\"lazy\" srcset=\"https:\/\/exitevasion.com\/wp-content\/uploads\/2019\/09\/SUPER_JOB_EXIT_EVASION_2.jpg 1200w, https:\/\/exitevasion.com\/wp-content\/uploads\/2019\/09\/SUPER_JOB_EXIT_EVASION_2-300x200.jpg 300w, https:\/\/exitevasion.com\/wp-content\/uploads\/2019\/09\/SUPER_JOB_EXIT_EVASION_2-768x512.jpg 768w, https:\/\/exitevasion.com\/wp-content\/uploads\/2019\/09\/SUPER_JOB_EXIT_EVASION_2-1024x683.jpg 1024w\" sizes=\"(max-width: 1200px) 100vw, 1200px\" \/><\/a>\n\t\t\t<div class=\"uael-post__datebox \">\n\t\t\t\t<div class=\"uael-post__date-wrap\">\n\t\t\t\t\t\t\t\t\t\t<span class='uael-post__date-month'>Sep<\/span><span class='uael-post__date-day'>03<\/span>\t\t\t\t<\/div>\t\t\t\t\n\t\t\t<\/div>\n\t\t<\/div>\n\t\t\n\t\t\t\n\t\t\t<div class=\"uael-post__content-wrap\">\n\n\t\t\t\t\t<h4 class=\"uael-post__title\">\n\n\t\t\n\t\t\t\t\t\t<a href=\"https:\/\/exitevasion.com\/en\/job-offer\/\" target=\"_self\">\n\t\t\t\tJOB OFFER\t\t\t<\/a>\n\n\t\t\t\t<\/h4>\n\t\t\n\t\t<div class=\"uael-post__excerpt\">\n\t\t\t<p>Interested in joining our team ? Game master wanted! If your talent as an animator is the best of your qualities &#8230; Contact us immediately!<\/p>\n\t\t<\/div>\n\n\t\t\t\t\t\t<a class=\"uael-post__read-more elementor-button\" href=\"https:\/\/exitevasion.com\/en\/job-offer\/\" target=\"_self\">\n\n\t\t\t\t\t\t\t\t\t\t\t\t<span class=\"elementor-button-icon elementor-align-icon-left\">\n\n\t\t\t\t\t\t\t\t\t\t\t\t\t\t\t\t\t<i class=\"fa fa-plus\" aria-hidden=\"true\"><\/i>\n\t\t\t\t\t\t\t\t\n\t\t\t\t\t\t\t<\/span>\n\t\t\t\t\t\t\t\t\t\t\t\n\t\t\t\t\t<span>Learn more<\/span>\n\t\t\t\t<\/a>\n\t\t\t\t\t\t<\/div>\n\t\t\t\n\t\t<\/div>\n\t\t\n\n\t<\/div>\n\n<\/div>\n\n\n<div class=\"uael-post-wrapper   uncategorized \">\n\n\t<div class=\"uael-post__bg-wrap\">\n\n\t\t\t\t\t<a href=\"https:\/\/exitevasion.com\/en\/construction\/\" target=\"_self\" class=\"uael-post__complete-box-overlay\"><\/a>\n\t\t\t\t\n\t\t<div class=\"uael-post__inner-wrap\">\n\n\t\t\t\t<div class=\"uael-post__thumbnail\">\n\t\t\t<a target=\"_self\" href=\"https:\/\/exitevasion.com\/en\/construction\/\" title=\"Construction\"><img width=\"1200\" height=\"800\" src=\"https:\/\/exitevasion.com\/wp-content\/uploads\/2019\/08\/Construction_gardien.jpg\" class=\"attachment-full size-full\" alt=\"Construction_gardien\" loading=\"lazy\" srcset=\"https:\/\/exitevasion.com\/wp-content\/uploads\/2019\/08\/Construction_gardien.jpg 1200w, https:\/\/exitevasion.com\/wp-content\/uploads\/2019\/08\/Construction_gardien-300x200.jpg 300w, https:\/\/exitevasion.com\/wp-content\/uploads\/2019\/08\/Construction_gardien-768x512.jpg 768w, https:\/\/exitevasion.com\/wp-content\/uploads\/2019\/08\/Construction_gardien-1024x683.jpg 1024w\" sizes=\"(max-width: 1200px) 100vw, 1200px\" \/><\/a>\n\t\t\t<div class=\"uael-post__datebox \">\n\t\t\t\t<div class=\"uael-post__date-wrap\">\n\t\t\t\t\t\t\t\t\t\t<span class='uael-post__date-month'>Aug<\/span><span class='uael-post__date-day'>30<\/span>\t\t\t\t<\/div>\t\t\t\t\n\t\t\t<\/div>\n\t\t<\/div>\n\t\t\n\t\t\t\n\t\t\t<div class=\"uael-post__content-wrap\">\n\n\t\t\t\t\t<h4 class=\"uael-post__title\">\n\n\t\t\n\t\t\t\t\t\t<a href=\"https:\/\/exitevasion.com\/en\/construction\/\" target=\"_self\">\n\t\t\t\tConstruction\t\t\t<\/a>\n\n\t\t\t\t<\/h4>\n\t\t\n\t\t<div class=\"uael-post__excerpt\">\n\t\t\t<p>From dream to reality! Pictures of the work that led us to offer you super realistic decors. Congratulations to all the team! \u00a0 \u00a0 \u00a0 &#8230;<\/p>\n\t\t<\/div>\n\n\t\t\t\t\t\t<a class=\"uael-post__read-more elementor-button\" href=\"https:\/\/exitevasion.com\/en\/construction\/\" target=\"_self\">\n\n\t\t\t\t\t\t\t\t\t\t\t\t<span class=\"elementor-button-icon elementor-align-icon-left\">\n\n\t\t\t\t\t\t\t\t\t\t\t\t\t\t\t\t\t<i class=\"fa fa-plus\" aria-hidden=\"true\"><\/i>\n\t\t\t\t\t\t\t\t\n\t\t\t\t\t\t\t<\/span>\n\t\t\t\t\t\t\t\t\t\t\t\n\t\t\t\t\t<span>Learn more<\/span>\n\t\t\t\t<\/a>\n\t\t\t\t\t\t<\/div>\n\t\t\t\n\t\t<\/div>\n\t\t\n\n\t<\/div>\n\n<\/div>\n\n\n<div class=\"uael-post-wrapper   uncategorized \">\n\n\t<div class=\"uael-post__bg-wrap\">\n\n\t\t\t\t\t<a href=\"https:\/\/exitevasion.com\/en\/opening\/\" target=\"_self\" class=\"uael-post__complete-box-overlay\"><\/a>\n\t\t\t\t\n\t\t<div class=\"uael-post__inner-wrap\">\n\n\t\t\t\t<div class=\"uael-post__thumbnail\">\n\t\t\t<a target=\"_self\" href=\"https:\/\/exitevasion.com\/en\/opening\/\" title=\"OPENING\"><img width=\"1200\" height=\"800\" src=\"https:\/\/exitevasion.com\/wp-content\/uploads\/2019\/08\/Porte_serrure.jpg\" class=\"attachment-full size-full\" alt=\"Porte_serrure\" loading=\"lazy\" srcset=\"https:\/\/exitevasion.com\/wp-content\/uploads\/2019\/08\/Porte_serrure.jpg 1200w, https:\/\/exitevasion.com\/wp-content\/uploads\/2019\/08\/Porte_serrure-300x200.jpg 300w, https:\/\/exitevasion.com\/wp-content\/uploads\/2019\/08\/Porte_serrure-768x512.jpg 768w, https:\/\/exitevasion.com\/wp-content\/uploads\/2019\/08\/Porte_serrure-1024x683.jpg 1024w\" sizes=\"(max-width: 1200px) 100vw, 1200px\" \/><\/a>\n\t\t\t<div class=\"uael-post__datebox \">\n\t\t\t\t<div class=\"uael-post__date-wrap\">\n\t\t\t\t\t\t\t\t\t\t<span class='uael-post__date-month'>Aug<\/span><span class='uael-post__date-day'>20<\/span>\t\t\t\t<\/div>\t\t\t\t\n\t\t\t<\/div>\n\t\t<\/div>\n\t\t\n\t\t\t\n\t\t\t<div class=\"uael-post__content-wrap\">\n\n\t\t\t\t\t<h4 class=\"uael-post__title\">\n\n\t\t\n\t\t\t\t\t\t<a href=\"https:\/\/exitevasion.com\/en\/opening\/\" target=\"_self\">\n\t\t\t\tOPENING\t\t\t<\/a>\n\n\t\t\t\t<\/h4>\n\t\t\n\t\t<div class=\"uael-post__excerpt\">\n\t\t\t<p>&nbsp; &nbsp; Listen up everyone! Tell your friends that the doors of our rooms are now open to better lock them in! Don\u2019t panic, they &#8230;<\/p>\n\t\t<\/div>\n\n\t\t\t\t\t\t<a class=\"uael-post__read-more elementor-button\" href=\"https:\/\/exitevasion.com\/en\/opening\/\" target=\"_self\">\n\n\t\t\t\t\t\t\t\t\t\t\t\t<span class=\"elementor-button-icon elementor-align-icon-left\">\n\n\t\t\t\t\t\t\t\t\t\t\t\t\t\t\t\t\t<i class=\"fa fa-plus\" aria-hidden=\"true\"><\/i>\n\t\t\t\t\t\t\t\t\n\t\t\t\t\t\t\t<\/span>\n\t\t\t\t\t\t\t\t\t\t\t\n\t\t\t\t\t<span>Learn more<\/span>\n\t\t\t\t<\/a>\n\t\t\t\t\t\t<\/div>\n\t\t\t\n\t\t<\/div>\n\t\t\n\n\t<\/div>\n\n<\/div>\n\t\t\t\t<\/div>\n\t\t\t\t\t\t\n\t\t<\/div>\n\n\t\t\t\t\t\t<\/div>\n\t\t<div class=\"uael-post__footer\">\n\t\t\t\t\t<\/div>\n\t\t\t\t<\/div>\n\t\t\t\t<\/div>\n\t\t\t\t\t\t<\/div>\n\t\t\t\t\t<\/div>\n\t\t<\/div>\n\t\t\t\t\t\t\t\t<\/div>\n\t\t\t\t\t<\/div>\n\t\t<\/section>\n\t\t\t\t<section class=\"elementor-section elementor-top-section elementor-element elementor-element-189692b3 elementor-section-full_width elementor-section-height-default elementor-section-height-default\" data-id=\"189692b3\" data-element_type=\"section\">\n\t\t\t\t\t\t<div class=\"elementor-container elementor-column-gap-no\">\n\t\t\t\t\t\t\t<div class=\"elementor-row\">\n\t\t\t\t\t<div class=\"elementor-column elementor-col-100 elementor-top-column elementor-element elementor-element-351baad8\" data-id=\"351baad8\" data-element_type=\"column\">\n\t\t\t<div class=\"elementor-column-wrap elementor-element-populated\">\n\t\t\t\t\t\t\t<div class=\"elementor-widget-wrap\">\n\t\t\t\t\t\t<div class=\"elementor-element elementor-element-667af5d8 elementor-widget elementor-widget-template\" data-id=\"667af5d8\" data-element_type=\"widget\" data-widget_type=\"template.default\">\n\t\t\t\t<div class=\"elementor-widget-container\">\n\t\t\t\t\t<div class=\"elementor-template\">\n\t\t\t\t\t<div data-elementor-type=\"section\" data-elementor-id=\"394\" data-post-id=\"639\" data-obj-id=\"639\" class=\"elementor elementor-394 dce-elementor-post-639\" data-elementor-settings=\"[]\">\n\t\t<div class=\"elementor-section-wrap\">\n\t\t\t\t\t<section class=\"elementor-section elementor-top-section elementor-element elementor-element-7a8dfba2 elementor-section-full_width elementor-section-height-min-height elementor-section-height-default elementor-section-items-middle\" data-id=\"7a8dfba2\" data-element_type=\"section\" data-settings=\"\">\n\t\t\t\t\t\t\t<div class=\"elementor-background-overlay\"><\/div>\n\t\t\t\t\t\t\t<div class=\"elementor-container elementor-column-gap-no\">\n\t\t\t\t\t\t\t<div class=\"elementor-row\">\n\t\t\t\t\t<div class=\"elementor-column elementor-col-50 elementor-top-column elementor-element elementor-element-53321cd8\" data-id=\"53321cd8\" data-element_type=\"column\">\n\t\t\t<div class=\"elementor-column-wrap elementor-element-populated\">\n\t\t\t\t\t\t\t<div class=\"elementor-widget-wrap\">\n\t\t\t\t\t\t<div class=\"elementor-element elementor-element-c6b998d elementor-widget elementor-widget-heading\" data-id=\"c6b998d\" data-element_type=\"widget\" data-widget_type=\"heading.default\">\n\t\t\t\t<div class=\"elementor-widget-container\">\n\t\t\t<h4 class=\"elementor-heading-title elementor-size-default\">Escape game<\/h4>\t\t<\/div>\n\t\t\t\t<\/div>\n\t\t\t\t<div class=\"elementor-element elementor-element-7a33b9eb elementor-widget elementor-widget-heading\" data-id=\"7a33b9eb\" data-element_type=\"widget\" data-widget_type=\"heading.default\">\n\t\t\t\t<div class=\"elementor-widget-container\">\n\t\t\t<h2 class=\"elementor-heading-title elementor-size-default\">A unique <br>and original gift<\/h2>\t\t<\/div>\n\t\t\t\t<\/div>\n\t\t\t\t<div class=\"elementor-element elementor-element-328255ac elementor-widget elementor-widget-text-editor\" data-id=\"328255ac\" data-element_type=\"widget\" data-widget_type=\"text-editor.default\">\n\t\t\t\t<div class=\"elementor-widget-container\">\n\t\t\t\t\t\t\t\t<div class=\"elementor-text-editor elementor-clearfix\">\n\t\t\t\t\tDo you want to offer an original gift that will please a special someone? Offer a mission at Exit Evasion.\t\t\t\t\t<\/div>\n\t\t\t\t\t\t<\/div>\n\t\t\t\t<\/div>\n\t\t\t\t\t\t<\/div>\n\t\t\t\t\t<\/div>\n\t\t<\/div>\n\t\t\t\t<div class=\"elementor-column elementor-col-50 elementor-top-column elementor-element elementor-element-2ec0380f\" data-id=\"2ec0380f\" data-element_type=\"column\">\n\t\t\t<div class=\"elementor-column-wrap elementor-element-populated\">\n\t\t\t\t\t\t\t<div class=\"elementor-widget-wrap\">\n\t\t\t\t\t\t<div class=\"elementor-element elementor-element-64f61457 elementor-align-center elementor-widget__width-auto elementor-widget elementor-widget-button\" data-id=\"64f61457\" data-element_type=\"widget\" data-widget_type=\"button.default\">\n\t\t\t\t<div class=\"elementor-widget-container\">\n\t\t\t\t\t<div class=\"elementor-button-wrapper\">\n\t\t\t<a href=\"\/en\/gift-certificate\/\" class=\"elementor-button-link elementor-button elementor-size-sm\" role=\"button\">\n\t\t\t\t\t\t<span class=\"elementor-button-content-wrapper\">\n\t\t\t\t\t\t<span class=\"elementor-button-icon elementor-align-icon-left\">\n\t\t\t\t<i aria-hidden=\"true\" class=\"fas fa-plus\"><\/i>\t\t\t<\/span>\n\t\t\t\t\t\t<span class=\"elementor-button-text\">For more info   <\/span>\n\t\t<\/span>\n\t\t\t\t\t<\/a>\n\t\t<\/div>\n\t\t\t\t<\/div>\n\t\t\t\t<\/div>\n\t\t\t\t\t\t<\/div>\n\t\t\t\t\t<\/div>\n\t\t<\/div>\n\t\t\t\t\t\t\t\t<\/div>\n\t\t\t\t\t<\/div>\n\t\t<\/section>\n\t\t\t\t<\/div>\n\t\t<\/div>\n\t\t\t\t<\/div>\n\t\t\t\t<\/div>\n\t\t\t\t<\/div>\n\t\t\t\t\t\t<\/div>\n\t\t\t\t\t<\/div>\n\t\t<\/div>\n\t\t\t\t\t\t\t\t<\/div>\n\t\t\t\t\t<\/div>\n\t\t<\/section>\n\t\t\t\t\t\t<\/div>\n\t\t\t\t\t\t<\/div>\n\t\t\t\t\t<\/div>\n\t\t","protected":false},"excerpt":{"rendered":"<p>Our news Reserve Exit Evasion adventure Follow Us Aug30 Construction Du r\u00eave \u00e0 la r\u00e9alit\u00e9! Photos des travaux qui nous ont amen\u00e9s \u00e0 vous offrir des d\u00e9cors super r\u00e9alistes. Bravo a toute l\u2019\u00e9quipe! \u00a0 \u00a0 \u2026 Learn more Aug20 OUVERTURE Soyez aux aguets! Tr\u00e8s bient\u00f4t, nous ouvrirons les portes de nos salles pour mieux vous [&hellip;]<\/p>\n","protected":false},"author":2,"featured_media":0,"parent":0,"menu_order":0,"comment_status":"closed","ping_status":"closed","template":"","meta":[],"_links":{"self":[{"href":"https:\/\/exitevasion.com\/en\/wp-json\/wp\/v2\/pages\/271"}],"collection":[{"href":"https:\/\/exitevasion.com\/en\/wp-json\/wp\/v2\/pages"}],"about":[{"href":"https:\/\/exitevasion.com\/en\/wp-json\/wp\/v2\/types\/page"}],"author":[{"embeddable":true,"href":"https:\/\/exitevasion.com\/en\/wp-json\/wp\/v2\/users\/2"}],"replies":[{"embeddable":true,"href":"https:\/\/exitevasion.com\/en\/wp-json\/wp\/v2\/comments?post=271"}],"version-history":[{"count":0,"href":"https:\/\/exitevasion.com\/en\/wp-json\/wp\/v2\/pages\/271\/revisions"}],"wp:attachment":[{"href":"https:\/\/exitevasion.com\/en\/wp-json\/wp\/v2\/media?parent=271"}],"curies":[{"name":"wp","href":"https:\/\/api.w.org\/{rel}","templated":true}]}}