{"id":275,"date":"2019-05-29T09:43:47","date_gmt":"2019-05-29T13:43:47","guid":{"rendered":"https:\/\/exitevasion.com\/prisonnier-sur-lile-interdite\/"},"modified":"2024-10-19T20:50:25","modified_gmt":"2024-10-20T00:50:25","slug":"prisoner-on-a-forbidden-island","status":"publish","type":"page","link":"https:\/\/exitevasion.com\/en\/prisoner-on-a-forbidden-island\/","title":{"rendered":"Prisoner on a forbidden island"},"content":{"rendered":"\t\t<div data-elementor-type=\"wp-post\" data-elementor-id=\"275\" data-post-id=\"275\" data-obj-id=\"275\" class=\"elementor elementor-275 dce-elementor-post-275 elementor-55\" data-elementor-settings=\"[]\">\n\t\t\t\t\t\t<div class=\"elementor-inner\">\n\t\t\t\t\t\t\t<div class=\"elementor-section-wrap\">\n\t\t\t\t\t\t\t<section class=\"elementor-section elementor-top-section elementor-element elementor-element-17eeaafe elementor-section-boxed elementor-section-height-default elementor-section-height-default\" data-id=\"17eeaafe\" data-element_type=\"section\" data-settings=\"\">\n\t\t\t\t\t\t\t<div class=\"elementor-background-overlay\"><\/div>\n\t\t\t\t\t\t\t<div class=\"elementor-container elementor-column-gap-default\">\n\t\t\t\t\t\t\t<div class=\"elementor-row\">\n\t\t\t\t\t<div class=\"elementor-column elementor-col-33 elementor-top-column elementor-element elementor-element-4cd7be81\" data-id=\"4cd7be81\" data-element_type=\"column\">\n\t\t\t<div class=\"elementor-column-wrap\">\n\t\t\t\t\t\t\t<div class=\"elementor-widget-wrap\">\n\t\t\t\t\t\t\t\t<\/div>\n\t\t\t\t\t<\/div>\n\t\t<\/div>\n\t\t\t\t<div class=\"elementor-column elementor-col-33 elementor-top-column elementor-element elementor-element-134a2b7f\" data-id=\"134a2b7f\" data-element_type=\"column\">\n\t\t\t<div class=\"elementor-column-wrap elementor-element-populated\">\n\t\t\t\t\t\t\t<div class=\"elementor-widget-wrap\">\n\t\t\t\t\t\t<div class=\"elementor-element elementor-element-2d10ff4a elementor-widget elementor-widget-heading\" data-id=\"2d10ff4a\" data-element_type=\"widget\" data-widget_type=\"heading.default\">\n\t\t\t\t<div class=\"elementor-widget-container\">\n\t\t\t<h1 class=\"elementor-heading-title elementor-size-default\">Prisonnier sur L\u2019ile interdite<\/h1>\t\t<\/div>\n\t\t\t\t<\/div>\n\t\t\t\t<div class=\"elementor-element elementor-element-4e24a5d elementor-align-center elementor-widget__width-auto elementor-hidden-phone elementor-widget elementor-widget-button\" data-id=\"4e24a5d\" data-element_type=\"widget\" data-widget_type=\"button.default\">\n\t\t\t\t<div class=\"elementor-widget-container\">\n\t\t\t\t\t<div class=\"elementor-button-wrapper\">\n\t\t\t<a href=\"#prisonnier\" class=\"elementor-button-link elementor-button elementor-size-sm\" role=\"button\">\n\t\t\t\t\t\t<span class=\"elementor-button-content-wrapper\">\n\t\t\t\t\t\t<span class=\"elementor-button-icon elementor-align-icon-left\">\n\t\t\t\t\t\t\t\t\t<i class=\"fa fa-plus\" aria-hidden=\"true\"><\/i>\n\t\t\t\t\t\t\t<\/span>\n\t\t\t\t\t\t<span class=\"elementor-button-text\">Je r\u00e9serve<\/span>\n\t\t<\/span>\n\t\t\t\t\t<\/a>\n\t\t<\/div>\n\t\t\t\t<\/div>\n\t\t\t\t<\/div>\n\t\t\t\t\t\t<\/div>\n\t\t\t\t\t<\/div>\n\t\t<\/div>\n\t\t\t\t<div class=\"elementor-column elementor-col-33 elementor-top-column elementor-element elementor-element-31882994\" data-id=\"31882994\" data-element_type=\"column\">\n\t\t\t<div class=\"elementor-column-wrap\">\n\t\t\t\t\t\t\t<div class=\"elementor-widget-wrap\">\n\t\t\t\t\t\t\t\t<\/div>\n\t\t\t\t\t<\/div>\n\t\t<\/div>\n\t\t\t\t\t\t\t\t<\/div>\n\t\t\t\t\t<\/div>\n\t\t<\/section>\n\t\t\t\t<section class=\"elementor-section elementor-top-section elementor-element elementor-element-6b03ba21 elementor-section-full_width elementor-section-height-default elementor-section-height-default\" data-id=\"6b03ba21\" data-element_type=\"section\" data-settings=\"\">\n\t\t\t\t\t\t<div class=\"elementor-container elementor-column-gap-no\">\n\t\t\t\t\t\t\t<div class=\"elementor-row\">\n\t\t\t\t\t<div class=\"elementor-column elementor-col-50 elementor-top-column elementor-element elementor-element-43d31573\" data-id=\"43d31573\" data-element_type=\"column\">\n\t\t\t<div class=\"elementor-column-wrap elementor-element-populated\">\n\t\t\t\t\t\t\t<div class=\"elementor-widget-wrap\">\n\t\t\t\t\t\t<div class=\"elementor-element elementor-element-c2da5fd elementor-widget elementor-widget-heading\" data-id=\"c2da5fd\" data-element_type=\"widget\" data-widget_type=\"heading.default\">\n\t\t\t\t<div class=\"elementor-widget-container\">\n\t\t\t<h2 class=\"elementor-heading-title elementor-size-default\">Exit \u00c9vasion | Prisonnier de l'\u00eele interdite<\/h2>\t\t<\/div>\n\t\t\t\t<\/div>\n\t\t\t\t<div class=\"elementor-element elementor-element-5ba99b47 elementor-widget elementor-widget-heading\" data-id=\"5ba99b47\" data-element_type=\"widget\" data-widget_type=\"heading.default\">\n\t\t\t\t<div class=\"elementor-widget-container\">\n\t\t\t<h2 class=\"elementor-heading-title elementor-size-default\">Sc\u00e9nario<\/h2>\t\t<\/div>\n\t\t\t\t<\/div>\n\t\t\t\t<div class=\"elementor-element elementor-element-3a7e9bc8 dce_masking-none elementor-widget elementor-widget-image\" data-id=\"3a7e9bc8\" data-element_type=\"widget\" data-settings=\"{&quot;enabled_reveal&quot;:&quot;yes&quot;,&quot;reveal_direction&quot;:&quot;lr&quot;,&quot;reveal_bgcolor&quot;:&quot;#fd1804&quot;,&quot;reveal_speed&quot;:{&quot;unit&quot;:&quot;px&quot;,&quot;size&quot;:5,&quot;sizes&quot;:[]},&quot;reveal_delay&quot;:{&quot;unit&quot;:&quot;px&quot;,&quot;size&quot;:0,&quot;sizes&quot;:[]}}\" data-widget_type=\"image.default\">\n\t\t\t\t<div class=\"elementor-widget-container\">\n\t\t\t<div id=\"reveal-3a7e9bc8\" class=\"revealFx\">\t\t\t\t\t<div class=\"elementor-image\">\n\t\t\t\t\t\t\t\t\t\t\t\t<img width=\"800\" height=\"534\" src=\"https:\/\/exitevasion.com\/wp-content\/uploads\/2019\/07\/prisonnier-ile-1024x683.jpg\" class=\"attachment-large size-large\" alt=\"prisonnier-ile\" loading=\"lazy\" srcset=\"https:\/\/exitevasion.com\/wp-content\/uploads\/2019\/07\/prisonnier-ile-1024x683.jpg 1024w, https:\/\/exitevasion.com\/wp-content\/uploads\/2019\/07\/prisonnier-ile-300x200.jpg 300w, https:\/\/exitevasion.com\/wp-content\/uploads\/2019\/07\/prisonnier-ile-768x512.jpg 768w, https:\/\/exitevasion.com\/wp-content\/uploads\/2019\/07\/prisonnier-ile.jpg 1200w\" sizes=\"(max-width: 800px) 100vw, 800px\" \/>\t\t\t\t\t\t\t\t\t\t\t\t\t\t<\/div>\n\t\t\t\t<\/div>\t\t<\/div>\n\t\t\t\t<\/div>\n\t\t\t\t\t\t<\/div>\n\t\t\t\t\t<\/div>\n\t\t<\/div>\n\t\t\t\t<div class=\"elementor-column elementor-col-50 elementor-top-column elementor-element elementor-element-20a9359d\" data-id=\"20a9359d\" data-element_type=\"column\">\n\t\t\t<div class=\"elementor-column-wrap elementor-element-populated\">\n\t\t\t\t\t\t\t<div class=\"elementor-widget-wrap\">\n\t\t\t\t\t\t<div class=\"elementor-element elementor-element-b1ae747 elementor-widget elementor-widget-text-editor\" data-id=\"b1ae747\" data-element_type=\"widget\" data-widget_type=\"text-editor.default\">\n\t\t\t\t<div class=\"elementor-widget-container\">\n\t\t\t\t\t\t\t\t<div class=\"elementor-text-editor elementor-clearfix\">\n\t\t\t\t\t<p>Vacances de r\u00eaves devenues le pire des cauchemars\u2026<br \/>De votre h\u00f4tel 5 \u00e9toiles trop ennuyeux, vous vous \u00eates laiss\u00e9s tenter par une excursion qui, disait-on, s\u2019approchait d\u2019une ile strictement interdite\u2026 Le go\u00fbt de l\u2019aventure ainsi que votre l\u00e9gendaire t\u00e9m\u00e9rit\u00e9 vous font braver cette interdiction qui malheureusement vous m\u00e8ne au d\u00e9sastre\u2026<\/p><p>Il ne fallait pas mettre les pieds sur Bagnagna Island, base militaire du f\u00e9roce <em>&#8220;El Dictatore&#8221;<\/em>. Vous avez \u00e9t\u00e9 captur\u00e9s par la junte militaire du dictateur et vous serez jug\u00e9s pour crime d\u2019espionnage. Nul n\u2019est jamais revenu de cette ile! Une occasion unique va se pr\u00e9senter \u00e0 vous. En l\u2019honneur de l\u2019anniversaire du dictateur, une heure de pause est donn\u00e9e aux gardiens. Un de ses gardes surnomm\u00e9 <em>l\u2019ange-gardien<\/em>, pourrait peut-\u00eatre vous aider\u2026 il aurait arrang\u00e9 un rendez-vous avec un \u00e9quipage de sauvetage qui vous attend sur la plage.<br \/>Profitez de ces pr\u00e9cieuses 60 minutes pour tenter votre \u00e9vasion. Si vous sortez, peut \u00eatre rejoindrez-vous la plage, et de l\u00e0, la libert\u00e9 &#8211; votre seul espoir de survie. Faites-vite. Vous avez 60 minutes, pas une de plus!<\/p>\t\t\t\t\t<\/div>\n\t\t\t\t\t\t<\/div>\n\t\t\t\t<\/div>\n\t\t\t\t<div class=\"elementor-element elementor-element-383d01f3 elementor-align-center elementor-widget__width-auto elementor-hidden-phone elementor-widget elementor-widget-button\" data-id=\"383d01f3\" data-element_type=\"widget\" data-widget_type=\"button.default\">\n\t\t\t\t<div class=\"elementor-widget-container\">\n\t\t\t\t\t<div class=\"elementor-button-wrapper\">\n\t\t\t<a href=\"#prisonnier\" class=\"elementor-button-link elementor-button elementor-size-sm\" role=\"button\">\n\t\t\t\t\t\t<span class=\"elementor-button-content-wrapper\">\n\t\t\t\t\t\t<span class=\"elementor-button-icon elementor-align-icon-left\">\n\t\t\t\t\t\t\t\t\t<i class=\"fa fa-plus\" aria-hidden=\"true\"><\/i>\n\t\t\t\t\t\t\t<\/span>\n\t\t\t\t\t\t<span class=\"elementor-button-text\">Je r\u00e9serve<\/span>\n\t\t<\/span>\n\t\t\t\t\t<\/a>\n\t\t<\/div>\n\t\t\t\t<\/div>\n\t\t\t\t<\/div>\n\t\t\t\t\t\t<\/div>\n\t\t\t\t\t<\/div>\n\t\t<\/div>\n\t\t\t\t\t\t\t\t<\/div>\n\t\t\t\t\t<\/div>\n\t\t<\/section>\n\t\t\t\t<section class=\"elementor-section elementor-top-section elementor-element elementor-element-9b26e64 elementor-section-boxed elementor-section-height-default elementor-section-height-default\" data-id=\"9b26e64\" data-element_type=\"section\">\n\t\t\t\t\t\t<div class=\"elementor-container elementor-column-gap-default\">\n\t\t\t\t\t\t\t<div class=\"elementor-row\">\n\t\t\t\t\t<div class=\"elementor-column elementor-col-100 elementor-top-column elementor-element elementor-element-d8d07e5\" data-id=\"d8d07e5\" data-element_type=\"column\">\n\t\t\t<div class=\"elementor-column-wrap elementor-element-populated\">\n\t\t\t\t\t\t\t<div class=\"elementor-widget-wrap\">\n\t\t\t\t\t\t<div class=\"elementor-element elementor-element-175b18c4 elementor-widget elementor-widget-heading\" data-id=\"175b18c4\" data-element_type=\"widget\" data-widget_type=\"heading.default\">\n\t\t\t\t<div class=\"elementor-widget-container\">\n\t\t\t<h3 class=\"elementor-heading-title elementor-size-default\">Prisonnier de l'\u00eele Interdite<\/h3>\t\t<\/div>\n\t\t\t\t<\/div>\n\t\t\t\t\t\t<\/div>\n\t\t\t\t\t<\/div>\n\t\t<\/div>\n\t\t\t\t\t\t\t\t<\/div>\n\t\t\t\t\t<\/div>\n\t\t<\/section>\n\t\t\t\t<section class=\"elementor-section elementor-top-section elementor-element elementor-element-be41367 elementor-section-full_width elementor-section-height-default elementor-section-height-default\" data-id=\"be41367\" data-element_type=\"section\" data-settings=\"\">\n\t\t\t\t\t\t\t<div class=\"elementor-background-overlay\"><\/div>\n\t\t\t\t\t\t\t<div class=\"elementor-container elementor-column-gap-no\">\n\t\t\t\t\t\t\t<div class=\"elementor-row\">\n\t\t\t\t\t<div class=\"elementor-column elementor-col-33 elementor-top-column elementor-element elementor-element-511e3b82\" data-id=\"511e3b82\" data-element_type=\"column\">\n\t\t\t<div class=\"elementor-column-wrap elementor-element-populated\">\n\t\t\t\t\t\t\t<div class=\"elementor-widget-wrap\">\n\t\t\t\t\t\t<div class=\"elementor-element elementor-element-20986aa5 elementor-position-top dce_masking-none elementor-vertical-align-top elementor-invisible elementor-widget elementor-widget-image-box\" data-id=\"20986aa5\" data-element_type=\"widget\" data-settings=\"{&quot;_animation&quot;:&quot;zoomIn&quot;}\" data-widget_type=\"image-box.default\">\n\t\t\t\t<div class=\"elementor-widget-container\">\n\t\t\t<div class=\"elementor-image-box-wrapper\"><figure class=\"elementor-image-box-img\"><img width=\"500\" height=\"500\" src=\"https:\/\/exitevasion.com\/wp-content\/uploads\/2019\/07\/team-exit-evasion.svg\" class=\"attachment-full size-full\" alt=\"\" loading=\"lazy\" \/><\/figure><div class=\"elementor-image-box-content\"><h3 class=\"elementor-image-box-title\">Nombre de joueurs<\/h3><p class=\"elementor-image-box-description\">Entre 2 et 6 personnes<\/p><\/div><\/div>\t\t<\/div>\n\t\t\t\t<\/div>\n\t\t\t\t\t\t<\/div>\n\t\t\t\t\t<\/div>\n\t\t<\/div>\n\t\t\t\t<div class=\"elementor-column elementor-col-33 elementor-top-column elementor-element elementor-element-25c4afa8\" data-id=\"25c4afa8\" data-element_type=\"column\">\n\t\t\t<div class=\"elementor-column-wrap elementor-element-populated\">\n\t\t\t\t\t\t\t<div class=\"elementor-widget-wrap\">\n\t\t\t\t\t\t<div class=\"elementor-element elementor-element-48dc7bce elementor-position-top dce_masking-none elementor-vertical-align-top elementor-invisible elementor-widget elementor-widget-image-box\" data-id=\"48dc7bce\" data-element_type=\"widget\" data-settings=\"{&quot;_animation&quot;:&quot;zoomIn&quot;}\" data-widget_type=\"image-box.default\">\n\t\t\t\t<div class=\"elementor-widget-container\">\n\t\t\t<div class=\"elementor-image-box-wrapper\"><figure class=\"elementor-image-box-img\"><img width=\"500\" height=\"500\" src=\"https:\/\/exitevasion.com\/wp-content\/uploads\/2019\/07\/reservation-exit-evasion.svg\" class=\"attachment-full size-full\" alt=\"reservation-exit-evasion\" loading=\"lazy\" \/><\/figure><div class=\"elementor-image-box-content\"><h3 class=\"elementor-image-box-title\">Niveau de difficult\u00e9<\/h3><p class=\"elementor-image-box-description\">9,5 sur 10<\/p><\/div><\/div>\t\t<\/div>\n\t\t\t\t<\/div>\n\t\t\t\t\t\t<\/div>\n\t\t\t\t\t<\/div>\n\t\t<\/div>\n\t\t\t\t<div class=\"elementor-column elementor-col-33 elementor-top-column elementor-element elementor-element-3afd3ca1\" data-id=\"3afd3ca1\" data-element_type=\"column\">\n\t\t\t<div class=\"elementor-column-wrap elementor-element-populated\">\n\t\t\t\t\t\t\t<div class=\"elementor-widget-wrap\">\n\t\t\t\t\t\t<div class=\"elementor-element elementor-element-3a986b64 elementor-position-top dce_masking-none elementor-vertical-align-top elementor-invisible elementor-widget elementor-widget-image-box\" data-id=\"3a986b64\" data-element_type=\"widget\" data-settings=\"{&quot;_animation&quot;:&quot;zoomIn&quot;}\" data-widget_type=\"image-box.default\">\n\t\t\t\t<div class=\"elementor-widget-container\">\n\t\t\t<div class=\"elementor-image-box-wrapper\"><figure class=\"elementor-image-box-img\"><img width=\"500\" height=\"500\" src=\"https:\/\/exitevasion.com\/wp-content\/uploads\/2019\/07\/resoudre-exit-evasion.svg\" class=\"attachment-full size-full\" alt=\"resoudre-exit-evasion\" loading=\"lazy\" \/><\/figure><div class=\"elementor-image-box-content\"><h3 class=\"elementor-image-box-title\">Dur\u00e9e<\/h3><p class=\"elementor-image-box-description\">Profitez de 60 minutes pour r\u00e9soudre l'\u00e9nigme et vivre une exp\u00e9rience unique<\/p><\/div><\/div>\t\t<\/div>\n\t\t\t\t<\/div>\n\t\t\t\t\t\t<\/div>\n\t\t\t\t\t<\/div>\n\t\t<\/div>\n\t\t\t\t\t\t\t\t<\/div>\n\t\t\t\t\t<\/div>\n\t\t<\/section>\n\t\t\t\t<section class=\"elementor-section elementor-top-section elementor-element elementor-element-32ef632 elementor-section-full_width elementor-section-height-default elementor-section-height-default\" data-id=\"32ef632\" data-element_type=\"section\" id=\"prisonnier\">\n\t\t\t\t\t\t<div class=\"elementor-container elementor-column-gap-default\">\n\t\t\t\t\t\t\t<div class=\"elementor-row\">\n\t\t\t\t\t<div class=\"elementor-column elementor-col-100 elementor-top-column elementor-element elementor-element-bc18971\" data-id=\"bc18971\" data-element_type=\"column\">\n\t\t\t<div class=\"elementor-column-wrap elementor-element-populated\">\n\t\t\t\t\t\t\t<div class=\"elementor-widget-wrap\">\n\t\t\t\t\t\t<div class=\"elementor-element elementor-element-5b44c81 elementor-widget elementor-widget-html\" data-id=\"5b44c81\" data-element_type=\"widget\" data-widget_type=\"html.default\">\n\t\t\t\t<div class=\"elementor-widget-container\">\n\t\t\t<div id=\"bookeo_position\"><\/div>\t\t<\/div>\n\t\t\t\t<\/div>\n\t\t\t\t\t\t<\/div>\n\t\t\t\t\t<\/div>\n\t\t<\/div>\n\t\t\t\t\t\t\t\t<\/div>\n\t\t\t\t\t<\/div>\n\t\t<\/section>\n\t\t\t\t<section class=\"elementor-section elementor-top-section elementor-element elementor-element-4d2fed2 elementor-section-full_width elementor-section-height-default elementor-section-height-default\" data-id=\"4d2fed2\" data-element_type=\"section\">\n\t\t\t\t\t\t<div class=\"elementor-container elementor-column-gap-no\">\n\t\t\t\t\t\t\t<div class=\"elementor-row\">\n\t\t\t\t\t<div class=\"elementor-column elementor-col-100 elementor-top-column elementor-element elementor-element-06487c4\" data-id=\"06487c4\" data-element_type=\"column\">\n\t\t\t<div class=\"elementor-column-wrap elementor-element-populated\">\n\t\t\t\t\t\t\t<div class=\"elementor-widget-wrap\">\n\t\t\t\t\t\t<div class=\"elementor-element elementor-element-deefdda elementor-widget elementor-widget-template\" data-id=\"deefdda\" data-element_type=\"widget\" data-widget_type=\"template.default\">\n\t\t\t\t<div class=\"elementor-widget-container\">\n\t\t\t\t\t<div class=\"elementor-template\">\n\t\t\t\t\t<div data-elementor-type=\"section\" data-elementor-id=\"129\" data-post-id=\"275\" data-obj-id=\"275\" class=\"elementor elementor-129 dce-elementor-post-275\" data-elementor-settings=\"[]\">\n\t\t<div class=\"elementor-section-wrap\">\n\t\t\t\t\t<section class=\"elementor-section elementor-top-section elementor-element elementor-element-2d679ac elementor-section-full_width elementor-section-height-min-height elementor-section-height-default elementor-section-items-middle\" data-id=\"2d679ac\" data-element_type=\"section\" data-settings=\"\">\n\t\t\t\t\t\t\t<div class=\"elementor-background-overlay\"><\/div>\n\t\t\t\t\t\t\t<div class=\"elementor-container elementor-column-gap-no\">\n\t\t\t\t\t\t\t<div class=\"elementor-row\">\n\t\t\t\t\t<div class=\"elementor-column elementor-col-50 elementor-top-column elementor-element elementor-element-00d1a60\" data-id=\"00d1a60\" data-element_type=\"column\">\n\t\t\t<div class=\"elementor-column-wrap elementor-element-populated\">\n\t\t\t\t\t\t\t<div class=\"elementor-widget-wrap\">\n\t\t\t\t\t\t<div class=\"elementor-element elementor-element-64236e9 elementor-widget elementor-widget-heading\" data-id=\"64236e9\" data-element_type=\"widget\" data-widget_type=\"heading.default\">\n\t\t\t\t<div class=\"elementor-widget-container\">\n\t\t\t<h4 class=\"elementor-heading-title elementor-size-default\">JEU D\u2019IMMERSION\u00a0<\/h4>\t\t<\/div>\n\t\t\t\t<\/div>\n\t\t\t\t<div class=\"elementor-element elementor-element-ef4f311 elementor-widget elementor-widget-heading\" data-id=\"ef4f311\" data-element_type=\"widget\" data-widget_type=\"heading.default\">\n\t\t\t\t<div class=\"elementor-widget-container\">\n\t\t\t<h2 class=\"elementor-heading-title elementor-size-default\">UN CADEAU UNIQUE ET ORIGINAL<\/h2>\t\t<\/div>\n\t\t\t\t<\/div>\n\t\t\t\t<div class=\"elementor-element elementor-element-7fab2a9 elementor-widget elementor-widget-text-editor\" data-id=\"7fab2a9\" data-element_type=\"widget\" data-widget_type=\"text-editor.default\">\n\t\t\t\t<div class=\"elementor-widget-container\">\n\t\t\t\t\t\t\t\t<div class=\"elementor-text-editor elementor-clearfix\">\n\t\t\t\t\t<p>Vous souhaitez offrir un cadeau original qui plaira \u00e0 coup s\u00fbr? Offrez une mission chez Exit \u00c9vasion.<\/p>\t\t\t\t\t<\/div>\n\t\t\t\t\t\t<\/div>\n\t\t\t\t<\/div>\n\t\t\t\t\t\t<\/div>\n\t\t\t\t\t<\/div>\n\t\t<\/div>\n\t\t\t\t<div class=\"elementor-column elementor-col-50 elementor-top-column elementor-element elementor-element-376ddaf\" data-id=\"376ddaf\" data-element_type=\"column\">\n\t\t\t<div class=\"elementor-column-wrap elementor-element-populated\">\n\t\t\t\t\t\t\t<div class=\"elementor-widget-wrap\">\n\t\t\t\t\t\t<div class=\"elementor-element elementor-element-0a56721 elementor-align-center elementor-widget__width-auto elementor-widget elementor-widget-button\" data-id=\"0a56721\" data-element_type=\"widget\" data-widget_type=\"button.default\">\n\t\t\t\t<div class=\"elementor-widget-container\">\n\t\t\t\t\t<div class=\"elementor-button-wrapper\">\n\t\t\t<a href=\"\/certificat-cadeau\/\" class=\"elementor-button-link elementor-button elementor-size-sm\" role=\"button\">\n\t\t\t\t\t\t<span class=\"elementor-button-content-wrapper\">\n\t\t\t\t\t\t<span class=\"elementor-button-icon elementor-align-icon-left\">\n\t\t\t\t\t\t\t\t\t<i class=\"fa fa-plus\" aria-hidden=\"true\"><\/i>\n\t\t\t\t\t\t\t<\/span>\n\t\t\t\t\t\t<span class=\"elementor-button-text\">En savoir plus<\/span>\n\t\t<\/span>\n\t\t\t\t\t<\/a>\n\t\t<\/div>\n\t\t\t\t<\/div>\n\t\t\t\t<\/div>\n\t\t\t\t\t\t<\/div>\n\t\t\t\t\t<\/div>\n\t\t<\/div>\n\t\t\t\t\t\t\t\t<\/div>\n\t\t\t\t\t<\/div>\n\t\t<\/section>\n\t\t\t\t<\/div>\n\t\t<\/div>\n\t\t\t\t<\/div>\n\t\t\t\t<\/div>\n\t\t\t\t<\/div>\n\t\t\t\t\t\t<\/div>\n\t\t\t\t\t<\/div>\n\t\t<\/div>\n\t\t\t\t\t\t\t\t<\/div>\n\t\t\t\t\t<\/div>\n\t\t<\/section>\n\t\t\t\t\t\t<\/div>\n\t\t\t\t\t\t<\/div>\n\t\t\t\t\t<\/div>\n\t\t","protected":false},"excerpt":{"rendered":"<p>Prisonnier sur L\u2019ile interdite Je r\u00e9serve Exit \u00c9vasion | Prisonnier de l&#8217;\u00eele interdite Sc\u00e9nario Vacances de r\u00eaves devenues le pire des cauchemars\u2026 De votre h\u00f4tel 5 \u00e9toiles trop ennuyeux, vous vous \u00eates laiss\u00e9s tenter par une excursion qui, disait-on, s\u2019approchait d\u2019une ile strictement interdite\u2026 Le go\u00fbt de l\u2019aventure ainsi que votre l\u00e9gendaire t\u00e9m\u00e9rit\u00e9 vous font [&hellip;]<\/p>\n","protected":false},"author":2,"featured_media":0,"parent":0,"menu_order":0,"comment_status":"closed","ping_status":"closed","template":"elementor_header_footer","meta":[],"_links":{"self":[{"href":"https:\/\/exitevasion.com\/en\/wp-json\/wp\/v2\/pages\/275"}],"collection":[{"href":"https:\/\/exitevasion.com\/en\/wp-json\/wp\/v2\/pages"}],"about":[{"href":"https:\/\/exitevasion.com\/en\/wp-json\/wp\/v2\/types\/page"}],"author":[{"embeddable":true,"href":"https:\/\/exitevasion.com\/en\/wp-json\/wp\/v2\/users\/2"}],"replies":[{"embeddable":true,"href":"https:\/\/exitevasion.com\/en\/wp-json\/wp\/v2\/comments?post=275"}],"version-history":[{"count":2,"href":"https:\/\/exitevasion.com\/en\/wp-json\/wp\/v2\/pages\/275\/revisions"}],"predecessor-version":[{"id":1234,"href":"https:\/\/exitevasion.com\/en\/wp-json\/wp\/v2\/pages\/275\/revisions\/1234"}],"wp:attachment":[{"href":"https:\/\/exitevasion.com\/en\/wp-json\/wp\/v2\/media?parent=275"}],"curies":[{"name":"wp","href":"https:\/\/api.w.org\/{rel}","templated":true}]}}